{"id":33,"date":"2019-07-11T06:51:06","date_gmt":"2019-07-11T06:51:06","guid":{"rendered":"https:\/\/jupiterx.artbees.net\/toys-shop\/cart\/"},"modified":"2025-11-22T14:41:17","modified_gmt":"2025-11-22T13:41:17","slug":"koszyk","status":"publish","type":"page","link":"https:\/\/pickpong.pl\/en\/koszyk\/","title":{"rendered":"Koszyk"},"content":{"rendered":"<div data-elementor-type=\"wp-page\" data-elementor-id=\"33\" class=\"elementor elementor-33\">\n\t\t\t\t\t\t<section class=\"elementor-section elementor-top-section elementor-element elementor-element-3b2d7745 elementor-section-boxed elementor-section-height-default elementor-section-height-default\" data-id=\"3b2d7745\" data-element_type=\"section\" data-e-type=\"section\" data-settings=\"{&quot;jet_parallax_layout_list&quot;:[]}\">\n\t\t\t\t\t\t<div class=\"elementor-container elementor-column-gap-default\">\n\t\t\t\t\t<div class=\"elementor-column elementor-col-100 elementor-top-column elementor-element elementor-element-548e2f28\" data-id=\"548e2f28\" data-element_type=\"column\" data-e-type=\"column\">\n\t\t\t<div class=\"elementor-widget-wrap elementor-element-populated\">\n\t\t\t\t\t\t<div class=\"elementor-element elementor-element-8745d89 elementor-widget-mobile__width-initial raven-cart-layout-one-column raven-cart-items-thumbnail-yes raven-cart-items-layout-standard elementor-widget elementor-widget-raven-cart\" data-id=\"8745d89\" data-element_type=\"widget\" data-e-type=\"widget\" data-settings=\"{&quot;totals_section_title&quot;:&quot;Podsumowanie koszyka&quot;,&quot;checkout_button_text&quot;:&quot;Przejd\\u017a do p\\u0142atno\\u015bci&quot;,&quot;cart_divider_weight&quot;:{&quot;unit&quot;:&quot;px&quot;,&quot;size&quot;:1,&quot;sizes&quot;:[]},&quot;cart_divider_gap&quot;:{&quot;unit&quot;:&quot;px&quot;,&quot;size&quot;:20,&quot;sizes&quot;:[]},&quot;cart_divider_gap_tablet&quot;:{&quot;unit&quot;:&quot;px&quot;,&quot;size&quot;:&quot;&quot;,&quot;sizes&quot;:[]},&quot;cart_divider_gap_mobile&quot;:{&quot;unit&quot;:&quot;px&quot;,&quot;size&quot;:&quot;&quot;,&quot;sizes&quot;:[]}}\" data-widget_type=\"raven-cart.default\">\n\t\t\t\t<div class=\"elementor-widget-container\">\n\t\t\t\t\t\t\t<script type=\"text\/javascript\">\n\t\t\tjQuery( document ).ready( function( $ ) {\n\t\t\t\tif ( typeof $.fn.InputSpinner === 'undefined' ) {\n\t\t\t\t\treturn;\n\t\t\t\t}\n\n\t\t\t\t$.fn.InputSpinner = () => {\n\t\t\t\t\treturn;\n\t\t\t\t}\n\t\t\t} );\n\t\t<\/script>\n\t\t\t\t\t\t\t\t<\/div>\n\t\t\t\t<\/div>\n\t\t\t\t\t<\/div>\n\t\t<\/div>\n\t\t\t\t\t<\/div>\n\t\t<\/section>\n\t\t\t\t<\/div>","protected":false},"excerpt":{"rendered":"<p>Cart &nbsp; Product Price Quantity Subtotal Zbieracz pi\u0142eczek PickPong PRO 179,00&nbsp;&#122;&#322; ilo\u015b\u0107 Zbieracz pi\u0142eczek PickPong PRO 179,00&nbsp;&#122;&#322; Coupon: Wykorzystaj kupon Aktualizuj koszyk Podsumowanie koszyka Kwota 179,00&nbsp;&#122;&#322; Wysy\u0142ka Odbi\u00f3r osobisty P\u0142aska stawka: 18,99&nbsp;&#122;&#322; Metody wysy\u0142ki zostan\u0105 zaktualizowane podczas sk\u0142adania zam\u00f3wienia. Oblicz koszty wysy\u0142ki Kraj \/ region Wybierz kraj\/region&hellip;AfganistanAlbaniaAlgieriaAndoraAngolaAnguillaAntarktydaAntigua i BarbudaArabia SaudyjskaArgentynaArmeniaArubaAustraliaAustriaAzerbejd\u017canBahamyBahrajnBangladeszBarbadosBelauBelgiaBelizeBeninBermudyBhutanBia\u0142oru\u015bBoliwiaBo\u015bnia i HercegowinaBotswanaBrazyliaBrazzavilleBruneiBrytyjskie Terytorium Oceanu IndyjskiegoBu\u0142gariaBurkina [&hellip;]<\/p>\n","protected":false},"author":1,"featured_media":0,"parent":0,"menu_order":0,"comment_status":"closed","ping_status":"closed","template":"full-width.php","meta":{"_acf_changed":false,"footnotes":""},"class_list":["post-33","page","type-page","status-publish","hentry"],"acf":[],"_links":{"self":[{"href":"https:\/\/pickpong.pl\/en\/wp-json\/wp\/v2\/pages\/33","targetHints":{"allow":["GET"]}}],"collection":[{"href":"https:\/\/pickpong.pl\/en\/wp-json\/wp\/v2\/pages"}],"about":[{"href":"https:\/\/pickpong.pl\/en\/wp-json\/wp\/v2\/types\/page"}],"author":[{"embeddable":true,"href":"https:\/\/pickpong.pl\/en\/wp-json\/wp\/v2\/users\/1"}],"replies":[{"embeddable":true,"href":"https:\/\/pickpong.pl\/en\/wp-json\/wp\/v2\/comments?post=33"}],"version-history":[{"count":28,"href":"https:\/\/pickpong.pl\/en\/wp-json\/wp\/v2\/pages\/33\/revisions"}],"predecessor-version":[{"id":1591,"href":"https:\/\/pickpong.pl\/en\/wp-json\/wp\/v2\/pages\/33\/revisions\/1591"}],"wp:attachment":[{"href":"https:\/\/pickpong.pl\/en\/wp-json\/wp\/v2\/media?parent=33"}],"curies":[{"name":"wp","href":"https:\/\/api.w.org\/{rel}","templated":true}]}}